{"id":22,"date":"2015-09-15T21:00:43","date_gmt":"2015-09-15T21:00:43","guid":{"rendered":"https:\/\/nickt.itserver.dk\/?page_id=22"},"modified":"2026-02-04T13:39:16","modified_gmt":"2026-02-04T12:39:16","slug":"om-itserver-dk","status":"publish","type":"page","link":"https:\/\/itserver.dk\/?page_id=22","title":{"rendered":"Om ITserver.dk"},"content":{"rendered":"<p style=\"text-align: center;\">Hjemmesiden hostes nu p\u00e5 en Selv samlet server, som k\u00f8re Proxmox 9.<\/p>\n<p style=\"text-align: center;\">Med Windows Server 2019 som k\u00f8re selve Nas server delen.<\/p>\n<p style=\"text-align: center;\">Smb, web, mail, PC Backup, Kontakter, kalender, <a href=\"https:\/\/syncthing.net\/\" target=\"_blank\" rel=\"noopener noreferrer\">Syncthing<\/a> som synkronisere filer med min Android Telefon.<\/p>\n<p style=\"text-align: center;\">med replicate til en backup server, som k\u00f8re Proxmox 9.<\/p>\n<p style=\"text-align: center;\"><strong>Main Server.<\/strong><\/p>\n<p style=\"text-align: center;\"><strong>MINISFORUM BD790i X3D, 65536 MB Ram.<\/strong><\/p>\n<p style=\"text-align: center;\"><strong>10Gbe Intel X550-T2.<\/strong><\/p>\n<p id=\"title\" class=\"a-size-large a-spacing-none\" style=\"text-align: center;\"><strong><span id=\"productTitle\" class=\"a-size-large product-title-word-break\">M.2 Card 8 Ports SATA JMB585 JMB575 &#8211; With MiniSAS Cables SFF-8087<\/span><\/strong><\/p>\n<p style=\"text-align: center;\"><strong>1TB Adata Legend 800 Nvme &#8211; 88 TB storage.<\/strong><\/p>\n<p style=\"text-align: center;\"><strong>HDPLEX 160 + <\/strong><strong>Dell J211H PA-9E 240w<\/strong><strong>.<\/strong><\/p>\n<p style=\"text-align: center;\"><a href=\"https:\/\/itserver.dk\/wp-content\/uploads\/2019\/03\/290_10_328aa9642da4f10fd1c9f1ee3be20dad_1376010907.jpg\" target=\"_blank\" rel=\"noopener noreferrer\"><img loading=\"lazy\" decoding=\"async\" class=\"alignnone wp-image-149\" src=\"https:\/\/itserver.dk\/wp-content\/uploads\/2023\/11\/johnsbo.jpg\" alt=\"Johnsbo N1\" width=\"458\" height=\"458\" srcset=\"https:\/\/itserver.dk\/wp-content\/uploads\/2023\/11\/johnsbo.jpg 800w, https:\/\/itserver.dk\/wp-content\/uploads\/2023\/11\/johnsbo-300x300.jpg 300w, https:\/\/itserver.dk\/wp-content\/uploads\/2023\/11\/johnsbo-150x150.jpg 150w, https:\/\/itserver.dk\/wp-content\/uploads\/2023\/11\/johnsbo-768x768.jpg 768w\" sizes=\"auto, (max-width: 458px) 100vw, 458px\" \/><\/a><\/p>\n<p style=\"text-align: center;\"><strong>Backup Server.<\/strong><\/p>\n<p style=\"text-align: center;\"><strong>Acer Vx15, 16384 MB Ram.<\/strong><\/p>\n<p style=\"text-align: center;\"><strong><span id=\"productTitle\" class=\"a-size-large product-title-word-break\">M.2 Card 8 Ports SATA JMB585 JMB575 &#8211; With MiniSAS Cables SFF-8087<\/span><\/strong><\/p>\n<p style=\"text-align: center;\"><strong>512GB hyperx Savage SSD &#8211; 70 TB storage.<\/strong><\/p>\n<p style=\"text-align: center;\"><strong>HDPLEX 160 + Dell J211H PA-9E 240w<\/strong>.<\/p>\n<p style=\"text-align: center;\"><a href=\"https:\/\/www.bitfenix.com\/products\/chassis\/mini-itx\/phenom-mini-itx\/\" target=\"_blank\" rel=\"noopener noreferrer\"><img loading=\"lazy\" decoding=\"async\" class=\"alignnone wp-image-149\" src=\"https:\/\/itserver.dk\/wp-content\/uploads\/2023\/11\/johnsbo.jpg\" alt=\"Johnsbo N1\" width=\"475\" height=\"475\" srcset=\"https:\/\/itserver.dk\/wp-content\/uploads\/2023\/11\/johnsbo.jpg 800w, https:\/\/itserver.dk\/wp-content\/uploads\/2023\/11\/johnsbo-300x300.jpg 300w, https:\/\/itserver.dk\/wp-content\/uploads\/2023\/11\/johnsbo-150x150.jpg 150w, https:\/\/itserver.dk\/wp-content\/uploads\/2023\/11\/johnsbo-768x768.jpg 768w\" sizes=\"auto, (max-width: 475px) 100vw, 475px\" \/><\/a><\/p>\n<p style=\"text-align: center;\"><strong>Routeren.<\/strong><\/p>\n<p style=\"text-align: center;\"><strong>DELL 3070 micro.<\/strong><\/p>\n<p style=\"text-align: center;\"><strong>Intel(R) Core(TM) i7-9700T.<\/strong><\/p>\n<p style=\"text-align: center;\"><strong>16384 MB Ram.<\/strong><\/p>\n<p style=\"text-align: center;\"><strong>10Gbe Intel X540-T2.<\/strong><\/p>\n<p><img loading=\"lazy\" decoding=\"async\" class=\"wp-image-169 size-full aligncenter\" src=\"https:\/\/itserver.dk\/wp-content\/uploads\/2025\/04\/s-l1200-768x768-1.jpg\" alt=\"\" width=\"638\" height=\"158\" \/><\/p>\n<p style=\"text-align: center;\">InternetBackbone best\u00e5r af en Fiberlinje leveret af <a href=\"http:\/\/Altibox.dk\" target=\"_blank\" rel=\"noopener noreferrer\">Altibox<\/a><\/p>\n<p style=\"text-align: center;\">DNS&#8217;en er leveret af hostingfirmaet <a href=\"https:\/\/dash.cloudflare.com\" target=\"_blank\" rel=\"noopener noreferrer\"><img loading=\"lazy\" decoding=\"async\" class=\"alignnone wp-image-87 \" src=\"https:\/\/itserver.dk\/wp-content\/uploads\/2015\/09\/cloudflare.jpg\" alt=\"\" width=\"146\" height=\"45\" \/><\/a><\/p>\n<p style=\"text-align: center;\">SSL certifikat er leveret gratis af <a href=\"https:\/\/www.sslforfree.com\/\" target=\"_blank\" rel=\"noopener noreferrer\"><img loading=\"lazy\" decoding=\"async\" class=\"alignnone wp-image-86 \" src=\"https:\/\/itserver.dk\/wp-content\/uploads\/2015\/09\/SSlforfree.jpg\" alt=\"\" width=\"233\" height=\"39\" srcset=\"https:\/\/itserver.dk\/wp-content\/uploads\/2015\/09\/SSlforfree.jpg 521w, https:\/\/itserver.dk\/wp-content\/uploads\/2015\/09\/SSlforfree-300x50.jpg 300w, https:\/\/itserver.dk\/wp-content\/uploads\/2015\/09\/SSlforfree-50x8.jpg 50w\" sizes=\"auto, (max-width: 233px) 100vw, 233px\" \/><\/a><\/p>\n<p style=\"text-align: center;\">Hjemmesiden drives fuldst\u00e6ndig gratis for de brugere der m\u00e5tte finde indholdet nyttigt!<\/p>\n","protected":false},"excerpt":{"rendered":"<p>Hjemmesiden hostes nu p\u00e5 en Selv samlet server, som k\u00f8re Proxmox 9. Med Windows Server 2019 som k\u00f8re selve Nas server delen. Smb, web, mail, PC Backup, Kontakter, kalender, Syncthing som synkronisere filer med min Android Telefon. med replicate til en backup server, som k\u00f8re Proxmox 9. Main Server. MINISFORUM BD790i X3D, 65536 MB Ram. [&hellip;]<\/p>\n","protected":false},"author":1,"featured_media":38,"parent":0,"menu_order":0,"comment_status":"closed","ping_status":"closed","template":"","meta":{"footnotes":""},"class_list":["post-22","page","type-page","status-publish","has-post-thumbnail","hentry"],"_links":{"self":[{"href":"https:\/\/itserver.dk\/index.php?rest_route=\/wp\/v2\/pages\/22","targetHints":{"allow":["GET"]}}],"collection":[{"href":"https:\/\/itserver.dk\/index.php?rest_route=\/wp\/v2\/pages"}],"about":[{"href":"https:\/\/itserver.dk\/index.php?rest_route=\/wp\/v2\/types\/page"}],"author":[{"embeddable":true,"href":"https:\/\/itserver.dk\/index.php?rest_route=\/wp\/v2\/users\/1"}],"replies":[{"embeddable":true,"href":"https:\/\/itserver.dk\/index.php?rest_route=%2Fwp%2Fv2%2Fcomments&post=22"}],"version-history":[{"count":35,"href":"https:\/\/itserver.dk\/index.php?rest_route=\/wp\/v2\/pages\/22\/revisions"}],"predecessor-version":[{"id":174,"href":"https:\/\/itserver.dk\/index.php?rest_route=\/wp\/v2\/pages\/22\/revisions\/174"}],"wp:featuredmedia":[{"embeddable":true,"href":"https:\/\/itserver.dk\/index.php?rest_route=\/wp\/v2\/media\/38"}],"wp:attachment":[{"href":"https:\/\/itserver.dk\/index.php?rest_route=%2Fwp%2Fv2%2Fmedia&parent=22"}],"curies":[{"name":"wp","href":"https:\/\/api.w.org\/{rel}","templated":true}]}}